{"id":1118,"date":"2019-12-20T20:47:04","date_gmt":"2019-12-20T19:47:04","guid":{"rendered":"https:\/\/www.centronanda.es\/reeducacio-psicopedagogica\/"},"modified":"2019-12-20T20:47:04","modified_gmt":"2019-12-20T19:47:04","slug":"reeducacio-psicopedagogica","status":"publish","type":"page","link":"https:\/\/centronanda.es\/ca\/reeducacio-psicopedagogica\/","title":{"rendered":"Reeducaci\u00f3 Psicopedag\u00f2gica"},"content":{"rendered":"<div class=\"fusion-fullwidth fullwidth-box fusion-builder-row-1 nonhundred-percent-fullwidth non-hundred-percent-height-scrolling\" style=\"background-color: #f7f7f7;background-position: center center;background-repeat: no-repeat;padding-top:0px;padding-right:0px;padding-bottom:10px;padding-left:0px;margin-bottom: 0px;margin-top: 0px;border-width: 0px 0px 0px 0px;border-color:#eae9e9;border-style:solid;\" ><div class=\"fusion-builder-row fusion-row\"><div class=\"fusion-layout-column fusion_builder_column fusion-builder-column-0 fusion_builder_column_1_1 1_1 fusion-one-full fusion-column-first fusion-column-last fusion-no-small-visibility\" style=\"margin-top:0px;margin-bottom:20px;\"><div class=\"fusion-column-wrapper fusion-flex-column-wrapper-legacy\" style=\"background-position:left top;background-repeat:no-repeat;-webkit-background-size:cover;-moz-background-size:cover;-o-background-size:cover;background-size:cover;padding: 0px 0px 0px 0px;\"><div class=\"fusion-section-separator section-separator slant fusion-section-separator-1\"><div class=\"fusion-section-separator-svg\" style=\"padding:0;margin-left: 0px;margin-right: 0px;\"><svg class=\"fusion-slant-candy\" xmlns=\"http:\/\/www.w3.org\/2000\/svg\" version=\"1.1\" width=\"100%\" height=\"100\" viewBox=\"0 0 100 100\" preserveAspectRatio=\"none\" style=\"fill:#10a498;padding:0;\"><path d=\"M100 0 L100 100 L0 0 Z\"><\/path><\/svg><\/div><div class=\"fusion-section-separator-spacer\"><div class=\"fusion-section-separator-spacer-height\" style=\"height:99px;\"><\/div><\/div><\/div><div class=\"fusion-clearfix\"><\/div><\/div><\/div><div class=\"fusion-layout-column fusion_builder_column fusion-builder-column-1 fusion_builder_column_1_1 1_1 fusion-one-full fusion-column-first fusion-column-last\" style=\"margin-top:2%;margin-bottom:2%;\"><div class=\"fusion-column-wrapper fusion-flex-column-wrapper-legacy\" style=\"background-position:left top;background-repeat:no-repeat;-webkit-background-size:cover;-moz-background-size:cover;-o-background-size:cover;background-size:cover;padding: 0px 0px 0px 0px;\"><div class=\"fusion-text fusion-text-1\"><p style=\"text-align: center;\"><span style=\"font-size: 18pt; font-family: Roboto;\"><strong><em><span style=\"color: #10a498;\">\u201cEl problema no \u00e9s el problema. El problema \u00e9s TEU actitud davant el problema\u201d\u00a0 <\/span><\/em><\/strong><\/span><\/p>\n<\/div><div class=\"fusion-clearfix\"><\/div><\/div><\/div><\/div><\/div><div class=\"fusion-fullwidth fullwidth-box fusion-builder-row-2 nonhundred-percent-fullwidth non-hundred-percent-height-scrolling\" style=\"background-color: #f7f7f7;background-position: center center;background-repeat: no-repeat;padding-top:0px;padding-right:0px;padding-bottom:0px;padding-left:0px;margin-bottom: 0px;margin-top: 0px;border-width: 0px 0px 0px 0px;border-color:#eae9e9;border-style:solid;\" ><div class=\"fusion-builder-row fusion-row\"><div class=\"fusion-layout-column fusion_builder_column fusion-builder-column-2 fusion_builder_column_1_1 1_1 fusion-one-full fusion-column-first fusion-column-last\" style=\"margin-top:2%;margin-bottom:30px;\"><div class=\"fusion-column-wrapper fusion-flex-column-wrapper-legacy\" style=\"background-position:left top;background-repeat:no-repeat;-webkit-background-size:cover;-moz-background-size:cover;-o-background-size:cover;background-size:cover;padding: 0px 0px 0px 0px;\"><div class=\"imageframe-align-center\"><span class=\" fusion-imageframe imageframe-none imageframe-1 hover-type-none\"><img decoding=\"async\" width=\"60\" height=\"56\" alt=\"logo small nanda\" title=\"logo_60_sin_letras\" src=\"https:\/\/www.centronanda.es\/wp-content\/uploads\/2019\/10\/logo_60_sin_letras.png\" class=\"img-responsive wp-image-1065\"\/><\/span><\/div><div class=\"fusion-text fusion-text-2\"><h2 style=\"text-align: center;\">Reeducaci\u00f3 Psicopedag\u00f2gica<\/h2>\n<\/div><div class=\"fusion-sep-clear\"><\/div><div class=\"fusion-separator\" style=\"margin-left: auto;margin-right: auto;margin-bottom:35px;width:100%;max-width:100px;\"><div class=\"fusion-separator-border sep-single sep-solid\" style=\"border-color:#10a498;border-top-width:2px;\"><\/div><\/div><div class=\"fusion-sep-clear\"><\/div><div class=\"fusion-text fusion-text-3\"><p style=\"font-size: 22px; line-height: 32px; font-weight: 300; text-align: center;\"><span style=\"font-family: Roboto;\">Es treballen principalment les dificultats d&#8217;aprenentatge dins de l&#8217;\u00e0mbit<br \/>\nacad\u00e8mic de l&#8217;infant o adolescent, aix\u00ed com la part emocional implicada en el<br \/>\nproc\u00e9s, ja que sol quedar bastant afectada, per exemple l&#8217;autoestima.<\/span><\/p>\n<\/div><div class=\"fusion-sep-clear\"><\/div><div class=\"fusion-separator\" style=\"margin-left: auto;margin-right: auto;margin-bottom:35px;width:100%;max-width:100px;\"><div class=\"fusion-separator-border sep-single sep-solid\" style=\"border-color:#10a498;border-top-width:2px;\"><\/div><\/div><div class=\"fusion-sep-clear\"><\/div><div class=\"fusion-text fusion-text-4\"><p style=\"text-align: justify;\"><span style=\"font-family: Roboto;\">La reeducaci\u00f3 psicopedag\u00f2gica \u00e9s una intervenci\u00f3 psicoeducativa espec\u00edfica orientada a alumnes, ja sigui d&#8217;infantil, prim\u00e0ria o secund\u00e0ria, que mostrin alguna dificultat concreta d&#8217;aprenentatge vinculada a la pres\u00e8ncia d&#8217;algun trastorn espec\u00edfic com la disl\u00e8xia, la discalc\u00falia, el TDAH, el TEL (Trastorn Espec\u00edfic del Llenguatge), el TANV (Trastorn d&#8217;Aprenentatge No Verbal), TEA (Trastorns de l&#8217;espectre autista), etc. Encara que tamb\u00e9 \u00e9s \u00fatil i beneficiosa per a aquells nens o joves que volen potenciar el seu rendiment en abs\u00e8ncia de dificultats espec\u00edfiques d&#8217;aprenentatge o altres problemes emocionals), aix\u00ed com per a alumnes amb altes capacitats. No se centra \u00fanicament i exclusivament en l&#8217;exercici acad\u00e8mic, sin\u00f3 que tamb\u00e9 interv\u00e9 en els factors emocionals i conductuals. Fomenta una millora de l&#8217;autonomia, l&#8217;autoestima, de la percepci\u00f3 d&#8217;autoefic\u00e0cia, de la motivaci\u00f3 i d&#8217;aquells comportaments i h\u00e0bits que faciliten una adequada rutina d&#8217;estudi o treball. Al seu torn, promou la disminuci\u00f3 o eliminaci\u00f3 d&#8217;aquelles conductes que interfereixen o dificulten l&#8217;acompliment.<\/span><\/p>\n<p style=\"text-align: justify;\"><span style=\"font-family: Roboto;\">La portem a terme psic\u00f2legs i logopedes, els quals comptem amb una formaci\u00f3 espec\u00edfica en els diferents trastorns infantils i d&#8217;aprenentatge, sent coneixedors de les seves peculiaritats i de les diferents estrat\u00e8gies d&#8217;intervenci\u00f3.<\/span><\/p>\n<p style=\"text-align: justify;\"><span style=\"font-family: Roboto;\">La reeducaci\u00f3 psicopedag\u00f2gica, estimula diferents habilitats cognitives (atenci\u00f3, mem\u00f2ria, percepci\u00f3, orientaci\u00f3 temporal i visuoespacial, llenguatge, raonament, metacognici\u00f3, planificaci\u00f3, flexibilitat cognitiva, etc.). Es basa en fomentar el desenvolupament de recursos propis, a partir de les seves potencialitats, que permetin compensar i millorar les \u00e0rees on el rendiment \u00e9s deficitari o millorable, la qual cosa, comportar\u00e0 una millora del rendiment acad\u00e8mic a mig-llarg termini. \u00c9s important establir un bon vincle entre terapeuta i nen, fer-li veure que el seu treball i esfor\u00e7 \u00e9s la base de la ter\u00e0pia, remarcar les seves fortaleses i comptar sempre amb la seva opini\u00f3. Si ell se sent part del proc\u00e9s aix\u00f2 augmentar\u00e0 les seves ganes de treballar i amb aix\u00f2 treballarem la seva motivaci\u00f3. La motivaci\u00f3 \u00e9s un dels aspectes principals a treballar en reeducaci\u00f3, \u00e9s molt important saber despertar en cada un all\u00f2 que ens fa voler fer les coses, aix\u00f2 que ens impulsa a voler cr\u00e9ixer i millorar. Cal no oblidar que cada un t\u00e9 un proc\u00e9s d&#8217;adaptaci\u00f3 diferent, durant aquest proc\u00e9s cal aprendre a valorar els passos que es van donant, per molt petits que siguin. Considerem molt important tenir compte les pr\u00f2pies expectatives de l&#8217;alumne\/pacient, aix\u00ed com les demandes dels pares. Per aix\u00f2 abans d&#8217;iniciar la intervenci\u00f3 \u00e9s fonamental realitzar una avaluaci\u00f3 completa tant de la fam\u00edlia com de el nen\/a per separat. Pel que fa a la part acad\u00e8mica, es treballen aquelles \u00e0rees presents en tota etapa escolar, en qu\u00e8 el nen o adolescent presenta m\u00e9s dificultats. Solen estar relacionades amb:<\/span><\/p>\n<ul>\n<li style=\"text-align: justify;\"><span style=\"font-family: Roboto;\">L&#8217;adquisici\u00f3, augment i millora de les habilitats necess\u00e0ries per a l&#8217;aprenentatge.<\/span><\/li>\n<li style=\"text-align: justify;\"><span style=\"font-family: Roboto;\">La recuperaci\u00f3 i suport de mat\u00e8ries en qu\u00e8 hi hagi un endarreriment escolar.<\/span><\/li>\n<li style=\"text-align: justify;\"><span style=\"font-family: Roboto;\">La dificultat en la lectura, escriptura, comprensi\u00f3 lectora, c\u00e0lcul i el raonament matem\u00e0tic.<\/span><\/li>\n<li style=\"text-align: justify;\"><span style=\"font-family: Roboto;\">L&#8217;adquisici\u00f3 i\/o la millora dels h\u00e0bits i t\u00e8cniques d&#8217;estudi.<\/span><\/li>\n<li style=\"text-align: justify;\"><span style=\"font-family: Roboto;\">La millora de la conducta enfront de la tasca escolar.<\/span><\/li>\n<li style=\"text-align: justify;\"><span style=\"font-family: Roboto;\">Potenciar l&#8217;autoestima.<\/span><\/li>\n<li style=\"text-align: justify;\"><span style=\"font-family: Roboto;\">El treball d&#8217;una bona organitzaci\u00f3 de el temps d&#8217;estudi.<\/span><\/li>\n<\/ul>\n<p style=\"text-align: justify;\"><span style=\"font-family: Roboto;\">L&#8217;organitzaci\u00f3 \u00e9s un punt fonamental a tractar, si aconseguim una bona planificaci\u00f3 de el temps d&#8217;estudi veurem incrementats els resultats que busquem. \u00c9s molt important i t\u00e9 molts beneficis a la realitzaci\u00f3 d&#8217;un bon horari de treball, amb aix\u00f2 aconseguim un estalvi de el temps emprat per a l&#8217;estudi, fomentem un bon h\u00e0bit, el nen aconsegueix optimitzar el seu temps i evitem la improvisaci\u00f3 a l&#8217;hora d&#8217;estudiar. Perqu\u00e8 aquest pla d&#8217;estudis funcioni \u00e9s fonamental que sigui marcat al costat de l&#8217;infant, que sigui part\u00edcip i que vulgui comprometre amb la tasca. Est\u00e0 demostrat que una bona organitzaci\u00f3 augmenta la seguretat en un mateix.<\/span><\/p>\n<p style=\"text-align: justify;\"><span style=\"font-family: Roboto;\">El treball en equip \u00e9s b\u00e0sic per a l&#8217;\u00e8xit de la ter\u00e0pia, a la consulta treballem directament amb el nen o adolescent, amb la fam\u00edlia i amb els professors implicats en la millora del rendiment acad\u00e8mic i de l&#8217;adaptaci\u00f3 escolar, aix\u00ed com en la part emocional . Considerem que la coordinaci\u00f3 i la comunicaci\u00f3 interprofessional s\u00f3n fonamentals per a la millora d&#8217;aquest proc\u00e9s.<\/span><\/p>\n<\/div><div class=\"fusion-clearfix\"><\/div><\/div><\/div><\/div><\/div>\n","protected":false},"excerpt":{"rendered":"","protected":false},"author":3,"featured_media":0,"parent":0,"menu_order":3,"comment_status":"closed","ping_status":"closed","template":"100-width.php","meta":{"footnotes":""},"class_list":["post-1118","page","type-page","status-publish","hentry"],"yoast_head":"<!-- This site is optimized with the Yoast SEO plugin v27.2 - https:\/\/yoast.com\/product\/yoast-seo-wordpress\/ -->\n<title>\u2705 Psic\u00f2legs Sabadell - Reeducaci\u00f3 Psicopedag\u00f2gica - Centro Nanda<\/title>\n<meta name=\"description\" content=\"Centro Nanda especialitzat en Psicologia a Sabadell. Demana cita online o presencial a info@centronanda.es o al 655811696\" \/>\n<meta name=\"robots\" content=\"index, follow, max-snippet:-1, max-image-preview:large, max-video-preview:-1\" \/>\n<link rel=\"canonical\" href=\"https:\/\/centronanda.es\/ca\/reeducacio-psicopedagogica\/\" \/>\n<meta property=\"og:locale\" content=\"ca_ES\" \/>\n<meta property=\"og:type\" content=\"article\" \/>\n<meta property=\"og:title\" content=\"\u2705 Psic\u00f2legs Sabadell - Reeducaci\u00f3 Psicopedag\u00f2gica - Centro Nanda\" \/>\n<meta property=\"og:description\" content=\"Centro Nanda especialitzat en Psicologia a Sabadell. Demana cita online o presencial a info@centronanda.es o al 655811696\" \/>\n<meta property=\"og:url\" content=\"https:\/\/centronanda.es\/ca\/reeducacio-psicopedagogica\/\" \/>\n<meta property=\"og:site_name\" content=\"Centro Nanda\" \/>\n<meta name=\"twitter:card\" content=\"summary_large_image\" \/>\n<meta name=\"twitter:label1\" content=\"Temps estimat de lectura\" \/>\n\t<meta name=\"twitter:data1\" content=\"7 minuts\" \/>\n<script type=\"application\/ld+json\" class=\"yoast-schema-graph\">{\"@context\":\"https:\/\/schema.org\",\"@graph\":[{\"@type\":\"WebPage\",\"@id\":\"https:\/\/centronanda.es\/ca\/reeducacio-psicopedagogica\/\",\"url\":\"https:\/\/centronanda.es\/ca\/reeducacio-psicopedagogica\/\",\"name\":\"\u2705 Psic\u00f2legs Sabadell - Reeducaci\u00f3 Psicopedag\u00f2gica - Centro Nanda\",\"isPartOf\":{\"@id\":\"https:\/\/centronanda.es\/ca\/#website\"},\"datePublished\":\"2019-12-20T19:47:04+00:00\",\"description\":\"Centro Nanda especialitzat en Psicologia a Sabadell. Demana cita online o presencial a info@centronanda.es o al 655811696\",\"breadcrumb\":{\"@id\":\"https:\/\/centronanda.es\/ca\/reeducacio-psicopedagogica\/#breadcrumb\"},\"inLanguage\":\"ca\",\"potentialAction\":[{\"@type\":\"ReadAction\",\"target\":[\"https:\/\/centronanda.es\/ca\/reeducacio-psicopedagogica\/\"]}]},{\"@type\":\"BreadcrumbList\",\"@id\":\"https:\/\/centronanda.es\/ca\/reeducacio-psicopedagogica\/#breadcrumb\",\"itemListElement\":[{\"@type\":\"ListItem\",\"position\":1,\"name\":\"Portada\",\"item\":\"https:\/\/centronanda.es\/ca\/\"},{\"@type\":\"ListItem\",\"position\":2,\"name\":\"Reeducaci\u00f3 Psicopedag\u00f2gica\"}]},{\"@type\":\"WebSite\",\"@id\":\"https:\/\/centronanda.es\/ca\/#website\",\"url\":\"https:\/\/centronanda.es\/ca\/\",\"name\":\"Centro Nanda\",\"description\":\"Psicolog\u00eda Sabadell\",\"publisher\":{\"@id\":\"https:\/\/centronanda.es\/ca\/#organization\"},\"potentialAction\":[{\"@type\":\"SearchAction\",\"target\":{\"@type\":\"EntryPoint\",\"urlTemplate\":\"https:\/\/centronanda.es\/ca\/?s={search_term_string}\"},\"query-input\":{\"@type\":\"PropertyValueSpecification\",\"valueRequired\":true,\"valueName\":\"search_term_string\"}}],\"inLanguage\":\"ca\"},{\"@type\":\"Organization\",\"@id\":\"https:\/\/centronanda.es\/ca\/#organization\",\"name\":\"Centro Nanda\",\"url\":\"https:\/\/centronanda.es\/ca\/\",\"logo\":{\"@type\":\"ImageObject\",\"inLanguage\":\"ca\",\"@id\":\"https:\/\/centronanda.es\/ca\/#\/schema\/logo\/image\/\",\"url\":\"https:\/\/centronanda.es\/wp-content\/uploads\/2019\/10\/logo_nanda_sin_fondo.png\",\"contentUrl\":\"https:\/\/centronanda.es\/wp-content\/uploads\/2019\/10\/logo_nanda_sin_fondo.png\",\"width\":1359,\"height\":1263,\"caption\":\"Centro Nanda\"},\"image\":{\"@id\":\"https:\/\/centronanda.es\/ca\/#\/schema\/logo\/image\/\"}}]}<\/script>\n<!-- \/ Yoast SEO plugin. -->","yoast_head_json":{"title":"\u2705 Psic\u00f2legs Sabadell - Reeducaci\u00f3 Psicopedag\u00f2gica - Centro Nanda","description":"Centro Nanda especialitzat en Psicologia a Sabadell. Demana cita online o presencial a info@centronanda.es o al 655811696","robots":{"index":"index","follow":"follow","max-snippet":"max-snippet:-1","max-image-preview":"max-image-preview:large","max-video-preview":"max-video-preview:-1"},"canonical":"https:\/\/centronanda.es\/ca\/reeducacio-psicopedagogica\/","og_locale":"ca_ES","og_type":"article","og_title":"\u2705 Psic\u00f2legs Sabadell - Reeducaci\u00f3 Psicopedag\u00f2gica - Centro Nanda","og_description":"Centro Nanda especialitzat en Psicologia a Sabadell. Demana cita online o presencial a info@centronanda.es o al 655811696","og_url":"https:\/\/centronanda.es\/ca\/reeducacio-psicopedagogica\/","og_site_name":"Centro Nanda","twitter_card":"summary_large_image","twitter_misc":{"Temps estimat de lectura":"7 minuts"},"schema":{"@context":"https:\/\/schema.org","@graph":[{"@type":"WebPage","@id":"https:\/\/centronanda.es\/ca\/reeducacio-psicopedagogica\/","url":"https:\/\/centronanda.es\/ca\/reeducacio-psicopedagogica\/","name":"\u2705 Psic\u00f2legs Sabadell - Reeducaci\u00f3 Psicopedag\u00f2gica - Centro Nanda","isPartOf":{"@id":"https:\/\/centronanda.es\/ca\/#website"},"datePublished":"2019-12-20T19:47:04+00:00","description":"Centro Nanda especialitzat en Psicologia a Sabadell. Demana cita online o presencial a info@centronanda.es o al 655811696","breadcrumb":{"@id":"https:\/\/centronanda.es\/ca\/reeducacio-psicopedagogica\/#breadcrumb"},"inLanguage":"ca","potentialAction":[{"@type":"ReadAction","target":["https:\/\/centronanda.es\/ca\/reeducacio-psicopedagogica\/"]}]},{"@type":"BreadcrumbList","@id":"https:\/\/centronanda.es\/ca\/reeducacio-psicopedagogica\/#breadcrumb","itemListElement":[{"@type":"ListItem","position":1,"name":"Portada","item":"https:\/\/centronanda.es\/ca\/"},{"@type":"ListItem","position":2,"name":"Reeducaci\u00f3 Psicopedag\u00f2gica"}]},{"@type":"WebSite","@id":"https:\/\/centronanda.es\/ca\/#website","url":"https:\/\/centronanda.es\/ca\/","name":"Centro Nanda","description":"Psicolog\u00eda Sabadell","publisher":{"@id":"https:\/\/centronanda.es\/ca\/#organization"},"potentialAction":[{"@type":"SearchAction","target":{"@type":"EntryPoint","urlTemplate":"https:\/\/centronanda.es\/ca\/?s={search_term_string}"},"query-input":{"@type":"PropertyValueSpecification","valueRequired":true,"valueName":"search_term_string"}}],"inLanguage":"ca"},{"@type":"Organization","@id":"https:\/\/centronanda.es\/ca\/#organization","name":"Centro Nanda","url":"https:\/\/centronanda.es\/ca\/","logo":{"@type":"ImageObject","inLanguage":"ca","@id":"https:\/\/centronanda.es\/ca\/#\/schema\/logo\/image\/","url":"https:\/\/centronanda.es\/wp-content\/uploads\/2019\/10\/logo_nanda_sin_fondo.png","contentUrl":"https:\/\/centronanda.es\/wp-content\/uploads\/2019\/10\/logo_nanda_sin_fondo.png","width":1359,"height":1263,"caption":"Centro Nanda"},"image":{"@id":"https:\/\/centronanda.es\/ca\/#\/schema\/logo\/image\/"}}]}},"_links":{"self":[{"href":"https:\/\/centronanda.es\/ca\/wp-json\/wp\/v2\/pages\/1118","targetHints":{"allow":["GET"]}}],"collection":[{"href":"https:\/\/centronanda.es\/ca\/wp-json\/wp\/v2\/pages"}],"about":[{"href":"https:\/\/centronanda.es\/ca\/wp-json\/wp\/v2\/types\/page"}],"author":[{"embeddable":true,"href":"https:\/\/centronanda.es\/ca\/wp-json\/wp\/v2\/users\/3"}],"replies":[{"embeddable":true,"href":"https:\/\/centronanda.es\/ca\/wp-json\/wp\/v2\/comments?post=1118"}],"version-history":[{"count":2,"href":"https:\/\/centronanda.es\/ca\/wp-json\/wp\/v2\/pages\/1118\/revisions"}],"predecessor-version":[{"id":1120,"href":"https:\/\/centronanda.es\/ca\/wp-json\/wp\/v2\/pages\/1118\/revisions\/1120"}],"wp:attachment":[{"href":"https:\/\/centronanda.es\/ca\/wp-json\/wp\/v2\/media?parent=1118"}],"curies":[{"name":"wp","href":"https:\/\/api.w.org\/{rel}","templated":true}]}}