{"id":1115,"date":"2019-12-20T20:42:34","date_gmt":"2019-12-20T19:42:34","guid":{"rendered":"https:\/\/www.centronanda.es\/reforc-escolar\/"},"modified":"2019-12-21T17:16:10","modified_gmt":"2019-12-21T16:16:10","slug":"reforc-escolar","status":"publish","type":"page","link":"https:\/\/centronanda.es\/ca\/reforc-escolar\/","title":{"rendered":"Refor\u00e7 Escolar"},"content":{"rendered":"<div class=\"fusion-fullwidth fullwidth-box fusion-builder-row-1 nonhundred-percent-fullwidth non-hundred-percent-height-scrolling\" style=\"background-color: #f7f7f7;background-position: center center;background-repeat: no-repeat;padding-top:0px;padding-right:0px;padding-bottom:10px;padding-left:0px;margin-bottom: 0px;margin-top: 0px;border-width: 0px 0px 0px 0px;border-color:#eae9e9;border-style:solid;\" ><div class=\"fusion-builder-row fusion-row\"><div class=\"fusion-layout-column fusion_builder_column fusion-builder-column-0 fusion_builder_column_1_1 1_1 fusion-one-full fusion-column-first fusion-column-last fusion-no-small-visibility\" style=\"margin-top:0px;margin-bottom:20px;\"><div class=\"fusion-column-wrapper fusion-flex-column-wrapper-legacy\" style=\"background-position:left top;background-repeat:no-repeat;-webkit-background-size:cover;-moz-background-size:cover;-o-background-size:cover;background-size:cover;padding: 0px 0px 0px 0px;\"><div class=\"fusion-section-separator section-separator slant fusion-section-separator-1\"><div class=\"fusion-section-separator-svg\" style=\"padding:0;margin-left: 0px;margin-right: 0px;\"><svg class=\"fusion-slant-candy\" xmlns=\"http:\/\/www.w3.org\/2000\/svg\" version=\"1.1\" width=\"100%\" height=\"100\" viewBox=\"0 0 100 100\" preserveAspectRatio=\"none\" style=\"fill:#10a498;padding:0;\"><path d=\"M100 0 L100 100 L0 0 Z\"><\/path><\/svg><\/div><div class=\"fusion-section-separator-spacer\"><div class=\"fusion-section-separator-spacer-height\" style=\"height:99px;\"><\/div><\/div><\/div><div class=\"fusion-clearfix\"><\/div><\/div><\/div><div class=\"fusion-layout-column fusion_builder_column fusion-builder-column-1 fusion_builder_column_1_1 1_1 fusion-one-full fusion-column-first fusion-column-last\" style=\"margin-top:2%;margin-bottom:2%;\"><div class=\"fusion-column-wrapper fusion-flex-column-wrapper-legacy\" style=\"background-position:left top;background-repeat:no-repeat;-webkit-background-size:cover;-moz-background-size:cover;-o-background-size:cover;background-size:cover;padding: 0px 0px 0px 0px;\"><div class=\"fusion-text fusion-text-1\"><p style=\"text-align: center;\"><span style=\"font-size: 18pt; font-family: Roboto;\"><strong><em><span style=\"color: #10a498;\">\u201cSi no fos dur, tothom ho faria.\u201d\u00a0 <\/span><\/em><\/strong><\/span><\/p>\n<\/div><div class=\"fusion-clearfix\"><\/div><\/div><\/div><\/div><\/div><div class=\"fusion-fullwidth fullwidth-box fusion-builder-row-2 nonhundred-percent-fullwidth non-hundred-percent-height-scrolling\" style=\"background-color: #f7f7f7;background-position: center center;background-repeat: no-repeat;padding-top:0px;padding-right:0px;padding-bottom:0px;padding-left:0px;margin-bottom: 0px;margin-top: 0px;border-width: 0px 0px 0px 0px;border-color:#eae9e9;border-style:solid;\" ><div class=\"fusion-builder-row fusion-row\"><div class=\"fusion-layout-column fusion_builder_column fusion-builder-column-2 fusion_builder_column_1_1 1_1 fusion-one-full fusion-column-first fusion-column-last\" style=\"margin-top:2%;margin-bottom:30px;\"><div class=\"fusion-column-wrapper fusion-flex-column-wrapper-legacy\" style=\"background-position:left top;background-repeat:no-repeat;-webkit-background-size:cover;-moz-background-size:cover;-o-background-size:cover;background-size:cover;padding: 0px 0px 0px 0px;\"><div class=\"imageframe-align-center\"><span class=\" fusion-imageframe imageframe-none imageframe-1 hover-type-none\"><img decoding=\"async\" width=\"60\" height=\"56\" alt=\"logo small nanda\" title=\"logo_60_sin_letras\" src=\"https:\/\/www.centronanda.es\/wp-content\/uploads\/2019\/10\/logo_60_sin_letras.png\" class=\"img-responsive wp-image-1065\"\/><\/span><\/div><div class=\"fusion-text fusion-text-2\"><h2 style=\"text-align: center;\">Refor\u00e7 Escolar<\/h2>\n<\/div><div class=\"fusion-sep-clear\"><\/div><div class=\"fusion-separator\" style=\"margin-left: auto;margin-right: auto;margin-bottom:35px;width:100%;max-width:100px;\"><div class=\"fusion-separator-border sep-single sep-solid\" style=\"border-color:#10a498;border-top-width:2px;\"><\/div><\/div><div class=\"fusion-sep-clear\"><\/div><div class=\"fusion-text fusion-text-3\"><p style=\"text-align: justify;\"><span style=\"font-family: Roboto;\">A Centro Nanda, els teus fills podran trobar el lloc perfecte per fer els deures i alhora rebre ajuda amb aquelles mat\u00e8ries que m\u00e9s dif\u00edcils els resultin.<\/span><\/p>\n<p style=\"text-align: justify;\"><span style=\"font-family: Roboto;\">Tindran suport i ajuda dels nostres professors de rep\u00e0s a:<\/span><\/p>\n<ul>\n<li style=\"text-align: justify;\"><span style=\"font-family: Roboto;\">Fer els deures<\/span><\/li>\n<li style=\"text-align: justify;\"><span style=\"font-family: Roboto;\">Organitzar-se el treball<\/span><\/li>\n<li style=\"text-align: justify;\"><span style=\"font-family: Roboto;\">Preparar els ex\u00e0mens de l&#8217;escola<\/span><\/li>\n<li style=\"text-align: justify;\"><span style=\"font-family: Roboto;\">I tot all\u00f2 que necessitin<\/span><\/li>\n<\/ul>\n<p><span style=\"font-family: Roboto;\">Les classes de refor\u00e7 s\u00f3n a &#8220;grup redu\u00eft&#8221;, sent un m\u00e0xim de 5 alumnes per grup o tamb\u00e9 hi ha la possibilitat de muntar un &#8220;grup a mitja&#8221; per a tu i els teus amics o companys de classe.<\/span><\/p>\n<p style=\"text-align: justify;\"><span style=\"font-family: Roboto;\">Els grups no estan dividits per edats, ja que sota la nostra experi\u00e8ncia, a l&#8217;\u00e9sser grups tan redu\u00efts cada un va al seu ritme i nivell d&#8217;aprenentatge, preguntant i sent ajudat per nosaltres en tot all\u00f2 que necessiten en aquell moment.<\/span><\/p>\n<\/div><div class=\"fusion-clearfix\"><\/div><\/div><\/div><\/div><\/div><div class=\"fusion-fullwidth fullwidth-box fusion-builder-row-3 nonhundred-percent-fullwidth non-hundred-percent-height-scrolling\" style=\"background-color: #f7f7f7;background-position: center center;background-repeat: no-repeat;padding-top:0px;padding-right:0px;padding-bottom:80px;padding-left:0px;margin-bottom: 0px;margin-top: 0px;border-width: 0px 0px 0px 0px;border-color:#eae9e9;border-style:solid;\" ><div class=\"fusion-builder-row fusion-row\"><div class=\"fusion-layout-column fusion_builder_column fusion-builder-column-3 fusion_builder_column_1_1 1_1 fusion-one-full fusion-column-first fusion-column-last\" style=\"margin-top:2%;margin-bottom:30px;\"><div class=\"fusion-column-wrapper fusion-flex-column-wrapper-legacy\" style=\"background-position:left top;background-repeat:no-repeat;-webkit-background-size:cover;-moz-background-size:cover;-o-background-size:cover;background-size:cover;padding: 0px 0px 0px 0px;\"><div class=\"fusion-sep-clear\"><\/div><div class=\"fusion-separator\" style=\"margin-left: auto;margin-right: auto;margin-bottom:35px;width:100%;max-width:100px;\"><div class=\"fusion-separator-border sep-single sep-solid\" style=\"border-color:#10a498;border-top-width:2px;\"><\/div><\/div><div class=\"fusion-sep-clear\"><\/div><div class=\"fusion-text fusion-text-4\"><p style=\"font-size: 22px; line-height: 32px; font-weight: 300; text-align: center;\"><em><strong><span style=\"font-family: Roboto;\">Que podem fer per tu &#8230;<\/span><\/strong><\/em><\/p>\n<\/div><div class=\"fusion-sep-clear\"><\/div><div class=\"fusion-separator\" style=\"margin-left: auto;margin-right: auto;margin-bottom:35px;width:100%;max-width:100px;\"><div class=\"fusion-separator-border sep-single sep-solid\" style=\"border-color:#10a498;border-top-width:2px;\"><\/div><\/div><div class=\"fusion-sep-clear\"><\/div><div class=\"fusion-clearfix\"><\/div><\/div><\/div><div class=\"fusion-layout-column fusion_builder_column fusion-builder-column-4 fusion_builder_column_1_1 1_1 fusion-one-full fusion-column-first fusion-column-last\" style=\"margin-top:0px;margin-bottom:20px;\"><div class=\"fusion-column-wrapper fusion-flex-column-wrapper-legacy\" style=\"background-position:left top;background-repeat:no-repeat;-webkit-background-size:cover;-moz-background-size:cover;-o-background-size:cover;background-size:cover;padding: 0px 0px 0px 0px;\"><style type='text\/css'>.reading-box-container-1 .element-bottomshadow:before,.reading-box-container-1 .element-bottomshadow:after{opacity:0.70;}<\/style><div class=\"fusion-reading-box-container reading-box-container-1 fusion-animated\" data-animationType=\"fadeInLeft\" data-animationDuration=\"0.3\" data-animationOffset=\"top-into-view\" style=\"margin-top:0px;margin-bottom:84px;\"><div class=\"reading-box\" style=\"background-color:#ffffff;border-width:1px;border-color:#eff3f9;border-left-width:3px;border-left-color:var(--primary_color);border-style:solid;\"><div class=\"reading-box-additional\">\n<p><span style=\"font-family: Roboto; font-size: 14pt;\"><strong>Grup Redu\u00eft<\/strong><\/span><\/p>\n<p style=\"text-align: justify;\"><span style=\"font-family: Roboto;\">La intenci\u00f3 \u00e9s que l&#8217;alumne pugui aprendre de la forma m\u00e9s r\u00e0pida i personalitzada possible, adaptant tot a les seves necessitats. Per aix\u00f2 els grups mai superen els 5 alumnes.<\/span><\/p>\n<\/div><div class=\"fusion-clearfix\"><\/div><\/div><\/div><style type='text\/css'>.reading-box-container-2 .element-bottomshadow:before,.reading-box-container-2 .element-bottomshadow:after{opacity:0.70;}<\/style><div class=\"fusion-reading-box-container reading-box-container-2 fusion-animated\" data-animationType=\"fadeInLeft\" data-animationDuration=\"0.3\" data-animationOffset=\"top-into-view\" style=\"margin-top:0px;margin-bottom:84px;\"><div class=\"reading-box\" style=\"background-color:#ffffff;border-width:1px;border-color:#eff3f9;border-left-width:3px;border-left-color:var(--primary_color);border-style:solid;\"><div class=\"reading-box-additional\">\n<p><span style=\"font-family: Roboto; font-size: 14pt;\"><strong>Organitzaci\u00f3 de l&#8217;alumne<\/strong><\/span><\/p>\n<p style=\"text-align: justify;\"><span style=\"font-family: Roboto;\">La primera presa de contacte amb l&#8217;alumne tindr\u00e0 com a objectiu, l&#8217;organitzaci\u00f3 completa del mateix, aix\u00f2 ser\u00e0 amb ajuda de professor aix\u00ed com dels pares si fos necessari. En aquest moment es definiran els punts a treballar per aconseguir els objectius que es plantegen (treure millors notes, avan\u00e7ar en certes mat\u00e8ries, millorar el rendiment a l&#8217;escola i institut en general, etc.), creant un pla de treball per realitzar de forma di\u00e0ria i aix\u00ed poder aconseguir el proposat.<\/span><\/p>\n<\/div><div class=\"fusion-clearfix\"><\/div><\/div><\/div><style type='text\/css'>.reading-box-container-3 .element-bottomshadow:before,.reading-box-container-3 .element-bottomshadow:after{opacity:0.70;}<\/style><div class=\"fusion-reading-box-container reading-box-container-3 fusion-animated\" data-animationType=\"fadeInLeft\" data-animationDuration=\"0.3\" data-animationOffset=\"top-into-view\" style=\"margin-top:0px;margin-bottom:84px;\"><div class=\"reading-box\" style=\"background-color:#ffffff;border-width:1px;border-color:#eff3f9;border-left-width:3px;border-left-color:var(--primary_color);border-style:solid;\"><div class=\"reading-box-additional\">\n<p><span style=\"font-family: Roboto; font-size: 14pt;\"><strong>Classes din\u00e0miques i pr\u00e0ctiques<\/strong><\/span><\/p>\n<p style=\"text-align: justify;\"><span style=\"font-family: Roboto;\">A <strong>Centro Nanda<\/strong> deixem de banda les classes i explicacions magistrals per, a trav\u00e9s d&#8217;una petita explicaci\u00f3 per part de professor, sigui l&#8217;alumne qui es posi a treballar i practicar el que s&#8217;ha explicat, d&#8217;aquesta manera l&#8217;alumne apr\u00e8n de forma r\u00e0pida, din\u00e0mica i molt m\u00e9s efectiva, a m\u00e9s de poder aix\u00ed gaudir aprenent. La intenci\u00f3 \u00e9s que surti de centre havent apr\u00e8s all\u00f2 que necessitava perqu\u00e8 a casa hagi d&#8217;estudiar el m\u00ednim temps possible.<\/span><\/p>\n<\/div><div class=\"fusion-clearfix\"><\/div><\/div><\/div><style type='text\/css'>.reading-box-container-4 .element-bottomshadow:before,.reading-box-container-4 .element-bottomshadow:after{opacity:0.70;}<\/style><div class=\"fusion-reading-box-container reading-box-container-4 fusion-animated\" data-animationType=\"fadeInLeft\" data-animationDuration=\"0.3\" data-animationOffset=\"top-into-view\" style=\"margin-top:0px;margin-bottom:84px;\"><div class=\"reading-box\" style=\"background-color:#ffffff;border-width:1px;border-color:#eff3f9;border-left-width:3px;border-left-color:var(--primary_color);border-style:solid;\"><div class=\"reading-box-additional\">\n<p><span style=\"font-family: Roboto; font-size: 14pt;\"><strong>Contacte amb les fam\u00edlies<\/strong><\/span><\/p>\n<p style=\"text-align: justify;\"><span style=\"font-family: Roboto;\">Els professors, sempre que ho veuen necessari, es posen en contacte amb: els pares per poder comentar-los l&#8217;evoluci\u00f3 de l&#8217;alumne, con\u00e8ixer com s&#8217;aplica el que s&#8217;ha apr\u00e8s a casa, avisar si falta a classe, etc.<\/span><\/p>\n<\/div><div class=\"fusion-clearfix\"><\/div><\/div><\/div><div class=\"fusion-clearfix\"><\/div><\/div><\/div><\/div><\/div><div class=\"fusion-bg-parallax\" data-bg-align=\"center bottom\" data-direction=\"left\" data-mute=\"false\" data-opacity=\"100\" data-velocity=\"-0.8\" data-mobile-enabled=\"false\" data-break_parents=\"0\" data-bg-image=\"https:\/\/centronanda.es\/wp-content\/uploads\/2019\/10\/refuerzo_escolar_slider.jpg\" data-bg-repeat=\"false\" ><\/div><div class=\"fusion-fullwidth fullwidth-box fusion-builder-row-4 fusion-parallax-left nonhundred-percent-fullwidth non-hundred-percent-height-scrolling\" style=\"background-color: rgba(255,255,255,0);background-image: url(&quot;https:\/\/centronanda.es\/wp-content\/uploads\/2019\/10\/refuerzo_escolar_slider.jpg&quot;);background-position: center bottom;background-repeat: no-repeat;padding-top:80px;padding-right:0px;padding-bottom:100px;padding-left:0px;margin-bottom: 0px;margin-top: 0px;border-width: 0px 0px 0px 0px;border-color:#eae9e9;border-style:solid;-webkit-background-size:cover;-moz-background-size:cover;-o-background-size:cover;background-size:cover;\" ><div class=\"fusion-builder-row fusion-row\"><div class=\"fusion-layout-column fusion_builder_column fusion-builder-column-5 fusion_builder_column_1_1 1_1 fusion-one-full fusion-column-first fusion-column-last\" style=\"margin-top:3%;margin-bottom:3%;\"><div class=\"fusion-column-wrapper fusion-flex-column-wrapper-legacy\" style=\"background-position:left top;background-repeat:no-repeat;-webkit-background-size:cover;-moz-background-size:cover;-o-background-size:cover;background-size:cover;padding: 0px 0px 0px 0px;\"><div class=\"fusion-text fusion-text-5\"><p style=\"text-align: center;\"><span style=\"font-family: Roboto; color: #f2f2f2; font-size: 18pt;\">Aprendre \u00e9s descobrir que alguna cosa \u00e9s possible.<\/span><\/p>\n<h3 style=\"text-align: center; color: #fff; font-size: 91px; line-height: 1;\"><span style=\"color: #e0e0e0; font-size: 36pt; font-family: Roboto;\">\u00bfComen\u00e7em?<\/span><\/h3>\n<\/div><div class=\"fusion-sep-clear\"><\/div><div class=\"fusion-separator fusion-full-width-sep\" style=\"margin-left: auto;margin-right: auto;margin-top:15px;width:100%;\"><\/div><div class=\"fusion-sep-clear\"><\/div><div class=\"fusion-clearfix\"><\/div><\/div><\/div><\/div><\/div>\n","protected":false},"excerpt":{"rendered":"","protected":false},"author":3,"featured_media":0,"parent":0,"menu_order":4,"comment_status":"closed","ping_status":"closed","template":"100-width.php","meta":{"footnotes":""},"class_list":["post-1115","page","type-page","status-publish","hentry"],"yoast_head":"<!-- This site is optimized with the Yoast SEO plugin v27.2 - https:\/\/yoast.com\/product\/yoast-seo-wordpress\/ -->\n<title>\u2705 Psic\u00f2legs Sabadell - Refor\u00e7 Escolar - Centro Nanda<\/title>\n<meta name=\"description\" content=\"Centro Nanda especialitzat en Psicologia a Sabadell. Demana cita online o presencial a info@centronanda.es o al 655811696\" \/>\n<meta name=\"robots\" content=\"index, follow, max-snippet:-1, max-image-preview:large, max-video-preview:-1\" \/>\n<link rel=\"canonical\" href=\"https:\/\/centronanda.es\/ca\/reforc-escolar\/\" \/>\n<meta property=\"og:locale\" content=\"ca_ES\" \/>\n<meta property=\"og:type\" content=\"article\" \/>\n<meta property=\"og:title\" content=\"\u2705 Psic\u00f2legs Sabadell - Refor\u00e7 Escolar - Centro Nanda\" \/>\n<meta property=\"og:description\" content=\"Centro Nanda especialitzat en Psicologia a Sabadell. Demana cita online o presencial a info@centronanda.es o al 655811696\" \/>\n<meta property=\"og:url\" content=\"https:\/\/centronanda.es\/ca\/reforc-escolar\/\" \/>\n<meta property=\"og:site_name\" content=\"Centro Nanda\" \/>\n<meta property=\"article:modified_time\" content=\"2019-12-21T16:16:10+00:00\" \/>\n<meta name=\"twitter:card\" content=\"summary_large_image\" \/>\n<meta name=\"twitter:label1\" content=\"Temps estimat de lectura\" \/>\n\t<meta name=\"twitter:data1\" content=\"10 minuts\" \/>\n<script type=\"application\/ld+json\" class=\"yoast-schema-graph\">{\"@context\":\"https:\/\/schema.org\",\"@graph\":[{\"@type\":\"WebPage\",\"@id\":\"https:\/\/centronanda.es\/ca\/reforc-escolar\/\",\"url\":\"https:\/\/centronanda.es\/ca\/reforc-escolar\/\",\"name\":\"\u2705 Psic\u00f2legs Sabadell - Refor\u00e7 Escolar - Centro Nanda\",\"isPartOf\":{\"@id\":\"https:\/\/centronanda.es\/ca\/#website\"},\"datePublished\":\"2019-12-20T19:42:34+00:00\",\"dateModified\":\"2019-12-21T16:16:10+00:00\",\"description\":\"Centro Nanda especialitzat en Psicologia a Sabadell. Demana cita online o presencial a info@centronanda.es o al 655811696\",\"breadcrumb\":{\"@id\":\"https:\/\/centronanda.es\/ca\/reforc-escolar\/#breadcrumb\"},\"inLanguage\":\"ca\",\"potentialAction\":[{\"@type\":\"ReadAction\",\"target\":[\"https:\/\/centronanda.es\/ca\/reforc-escolar\/\"]}]},{\"@type\":\"BreadcrumbList\",\"@id\":\"https:\/\/centronanda.es\/ca\/reforc-escolar\/#breadcrumb\",\"itemListElement\":[{\"@type\":\"ListItem\",\"position\":1,\"name\":\"Portada\",\"item\":\"https:\/\/centronanda.es\/ca\/\"},{\"@type\":\"ListItem\",\"position\":2,\"name\":\"Refor\u00e7 Escolar\"}]},{\"@type\":\"WebSite\",\"@id\":\"https:\/\/centronanda.es\/ca\/#website\",\"url\":\"https:\/\/centronanda.es\/ca\/\",\"name\":\"Centro Nanda\",\"description\":\"Psicolog\u00eda Sabadell\",\"publisher\":{\"@id\":\"https:\/\/centronanda.es\/ca\/#organization\"},\"potentialAction\":[{\"@type\":\"SearchAction\",\"target\":{\"@type\":\"EntryPoint\",\"urlTemplate\":\"https:\/\/centronanda.es\/ca\/?s={search_term_string}\"},\"query-input\":{\"@type\":\"PropertyValueSpecification\",\"valueRequired\":true,\"valueName\":\"search_term_string\"}}],\"inLanguage\":\"ca\"},{\"@type\":\"Organization\",\"@id\":\"https:\/\/centronanda.es\/ca\/#organization\",\"name\":\"Centro Nanda\",\"url\":\"https:\/\/centronanda.es\/ca\/\",\"logo\":{\"@type\":\"ImageObject\",\"inLanguage\":\"ca\",\"@id\":\"https:\/\/centronanda.es\/ca\/#\/schema\/logo\/image\/\",\"url\":\"https:\/\/centronanda.es\/wp-content\/uploads\/2019\/10\/logo_nanda_sin_fondo.png\",\"contentUrl\":\"https:\/\/centronanda.es\/wp-content\/uploads\/2019\/10\/logo_nanda_sin_fondo.png\",\"width\":1359,\"height\":1263,\"caption\":\"Centro Nanda\"},\"image\":{\"@id\":\"https:\/\/centronanda.es\/ca\/#\/schema\/logo\/image\/\"}}]}<\/script>\n<!-- \/ Yoast SEO plugin. -->","yoast_head_json":{"title":"\u2705 Psic\u00f2legs Sabadell - Refor\u00e7 Escolar - Centro Nanda","description":"Centro Nanda especialitzat en Psicologia a Sabadell. Demana cita online o presencial a info@centronanda.es o al 655811696","robots":{"index":"index","follow":"follow","max-snippet":"max-snippet:-1","max-image-preview":"max-image-preview:large","max-video-preview":"max-video-preview:-1"},"canonical":"https:\/\/centronanda.es\/ca\/reforc-escolar\/","og_locale":"ca_ES","og_type":"article","og_title":"\u2705 Psic\u00f2legs Sabadell - Refor\u00e7 Escolar - Centro Nanda","og_description":"Centro Nanda especialitzat en Psicologia a Sabadell. Demana cita online o presencial a info@centronanda.es o al 655811696","og_url":"https:\/\/centronanda.es\/ca\/reforc-escolar\/","og_site_name":"Centro Nanda","article_modified_time":"2019-12-21T16:16:10+00:00","twitter_card":"summary_large_image","twitter_misc":{"Temps estimat de lectura":"10 minuts"},"schema":{"@context":"https:\/\/schema.org","@graph":[{"@type":"WebPage","@id":"https:\/\/centronanda.es\/ca\/reforc-escolar\/","url":"https:\/\/centronanda.es\/ca\/reforc-escolar\/","name":"\u2705 Psic\u00f2legs Sabadell - Refor\u00e7 Escolar - Centro Nanda","isPartOf":{"@id":"https:\/\/centronanda.es\/ca\/#website"},"datePublished":"2019-12-20T19:42:34+00:00","dateModified":"2019-12-21T16:16:10+00:00","description":"Centro Nanda especialitzat en Psicologia a Sabadell. Demana cita online o presencial a info@centronanda.es o al 655811696","breadcrumb":{"@id":"https:\/\/centronanda.es\/ca\/reforc-escolar\/#breadcrumb"},"inLanguage":"ca","potentialAction":[{"@type":"ReadAction","target":["https:\/\/centronanda.es\/ca\/reforc-escolar\/"]}]},{"@type":"BreadcrumbList","@id":"https:\/\/centronanda.es\/ca\/reforc-escolar\/#breadcrumb","itemListElement":[{"@type":"ListItem","position":1,"name":"Portada","item":"https:\/\/centronanda.es\/ca\/"},{"@type":"ListItem","position":2,"name":"Refor\u00e7 Escolar"}]},{"@type":"WebSite","@id":"https:\/\/centronanda.es\/ca\/#website","url":"https:\/\/centronanda.es\/ca\/","name":"Centro Nanda","description":"Psicolog\u00eda Sabadell","publisher":{"@id":"https:\/\/centronanda.es\/ca\/#organization"},"potentialAction":[{"@type":"SearchAction","target":{"@type":"EntryPoint","urlTemplate":"https:\/\/centronanda.es\/ca\/?s={search_term_string}"},"query-input":{"@type":"PropertyValueSpecification","valueRequired":true,"valueName":"search_term_string"}}],"inLanguage":"ca"},{"@type":"Organization","@id":"https:\/\/centronanda.es\/ca\/#organization","name":"Centro Nanda","url":"https:\/\/centronanda.es\/ca\/","logo":{"@type":"ImageObject","inLanguage":"ca","@id":"https:\/\/centronanda.es\/ca\/#\/schema\/logo\/image\/","url":"https:\/\/centronanda.es\/wp-content\/uploads\/2019\/10\/logo_nanda_sin_fondo.png","contentUrl":"https:\/\/centronanda.es\/wp-content\/uploads\/2019\/10\/logo_nanda_sin_fondo.png","width":1359,"height":1263,"caption":"Centro Nanda"},"image":{"@id":"https:\/\/centronanda.es\/ca\/#\/schema\/logo\/image\/"}}]}},"_links":{"self":[{"href":"https:\/\/centronanda.es\/ca\/wp-json\/wp\/v2\/pages\/1115","targetHints":{"allow":["GET"]}}],"collection":[{"href":"https:\/\/centronanda.es\/ca\/wp-json\/wp\/v2\/pages"}],"about":[{"href":"https:\/\/centronanda.es\/ca\/wp-json\/wp\/v2\/types\/page"}],"author":[{"embeddable":true,"href":"https:\/\/centronanda.es\/ca\/wp-json\/wp\/v2\/users\/3"}],"replies":[{"embeddable":true,"href":"https:\/\/centronanda.es\/ca\/wp-json\/wp\/v2\/comments?post=1115"}],"version-history":[{"count":5,"href":"https:\/\/centronanda.es\/ca\/wp-json\/wp\/v2\/pages\/1115\/revisions"}],"predecessor-version":[{"id":1159,"href":"https:\/\/centronanda.es\/ca\/wp-json\/wp\/v2\/pages\/1115\/revisions\/1159"}],"wp:attachment":[{"href":"https:\/\/centronanda.es\/ca\/wp-json\/wp\/v2\/media?parent=1115"}],"curies":[{"name":"wp","href":"https:\/\/api.w.org\/{rel}","templated":true}]}}